{"id":2662,"date":"2025-08-09T09:58:10","date_gmt":"2025-08-09T09:58:10","guid":{"rendered":"https:\/\/pascalfrancois.com\/?page_id=2662"},"modified":"2025-08-11T16:07:24","modified_gmt":"2025-08-11T16:07:24","slug":"service","status":"publish","type":"page","link":"https:\/\/pascalfrancois.com\/index.php\/service\/","title":{"rendered":"Services"},"content":{"rendered":"\t\t<div data-elementor-type=\"wp-page\" data-elementor-id=\"2662\" class=\"elementor elementor-2662\">\n\t\t\t\t<div class=\"elementor-element elementor-element-946e086 e-flex e-con-boxed e-con e-parent\" data-id=\"946e086\" data-element_type=\"container\" data-e-type=\"container\">\n\t\t\t\t\t<div class=\"e-con-inner\">\n\t\t\t\t<div class=\"elementor-element elementor-element-561af4a elementor-widget elementor-widget-heading\" data-id=\"561af4a\" data-element_type=\"widget\" data-e-type=\"widget\" data-widget_type=\"heading.default\">\n\t\t\t\t\t<h1 class=\"elementor-heading-title elementor-size-default\">Services<\/h1>\t\t\t\t<\/div>\n\t\t\t\t<div class=\"elementor-element elementor-element-50e4800 elementor-widget elementor-widget-heading\" data-id=\"50e4800\" data-element_type=\"widget\" data-e-type=\"widget\" data-widget_type=\"heading.default\">\n\t\t\t\t\t<h2 class=\"elementor-heading-title elementor-size-default\"><u>Organisation d'exposition<\/u><\/h2>\t\t\t\t<\/div>\n\t\t\t\t<div class=\"elementor-element elementor-element-19826cf elementor-widget elementor-widget-text-editor\" data-id=\"19826cf\" data-element_type=\"widget\" data-e-type=\"widget\" data-widget_type=\"text-editor.default\">\n\t\t\t\t\t\t\t\t\t<p>Depuis plusieurs ann\u00e9es j&rsquo;organise, seul ou en partenariat, des expositions d&rsquo;artistes dans\u00a0<span style=\"font-size: 15px;\">Casablanca. Je peux vous accompagner dans votre projet, le choix des artistes, la mise en place des\u00a0<\/span><span style=\"font-size: 15px;\">\u0153uvres et les choix r\u00e9dactionnels.<\/span><\/p>\n\n<p style=\"text-align: center;\"><a class=\"wp-block-button__link has-text-align-center wp-element-button\" style=\"font-variant-ligatures: normal; font-variant-caps: normal; font-family: Poppins; font-style: normal; transition-property: all; height: 39.9826px;\" href=\"https:\/\/pascalfrancois.com\/index.php\/contact\/\">Contactez-moi<\/a><\/p>\t\t\t\t\t\t\t\t<\/div>\n\t\t\t\t<div class=\"elementor-element elementor-element-f165e5c elementor-widget elementor-widget-heading\" data-id=\"f165e5c\" data-element_type=\"widget\" data-e-type=\"widget\" data-widget_type=\"heading.default\">\n\t\t\t\t\t<h2 class=\"elementor-heading-title elementor-size-default\"><u>Sc\u00e9nographie d'int\u00e9rieur<\/u><\/h2>\t\t\t\t<\/div>\n\t\t\t\t\t<\/div>\n\t\t\t\t<\/div>\n\t\t<div class=\"elementor-element elementor-element-67c51f5 e-flex e-con-boxed e-con e-parent\" data-id=\"67c51f5\" data-element_type=\"container\" data-e-type=\"container\">\n\t\t\t\t\t<div class=\"e-con-inner\">\n\t\t\t\t<div class=\"elementor-element elementor-element-f21a92a elementor-widget elementor-widget-text-editor\" data-id=\"f21a92a\" data-element_type=\"widget\" data-e-type=\"widget\" data-widget_type=\"text-editor.default\">\n\t\t\t\t\t\t\t\t\t<p>Je peux vous aider dans l&rsquo;accrochage de vos tableaux, le choix et l&#8217;emplacement id\u00e9al pour chacune\u00a0<span style=\"font-size: 15px;\">de vos \u0153uvres. Que vous soyez un particulier ou une entreprise. Je peux \u00e9galement vous conseiller\u00a0<\/span><span style=\"font-size: 15px;\">dans l&rsquo;organisation de votre collection et sa dynamique.<\/span><\/p><p style=\"text-align: center;\"><a class=\"wp-block-button__link has-text-align-center wp-element-button\" style=\"font-variant-ligatures: normal; font-variant-caps: normal; font-family: Poppins; font-style: normal; transition-property: all; height: 39.9826px;\" href=\"https:\/\/pascalfrancois.com\/index.php\/contact\/\">Contactez-moi<\/a><\/p>\t\t\t\t\t\t\t\t<\/div>\n\t\t\t\t\t<\/div>\n\t\t\t\t<\/div>\n\t\t<div class=\"elementor-element elementor-element-edbd0d8 e-flex e-con-boxed e-con e-parent\" data-id=\"edbd0d8\" data-element_type=\"container\" data-e-type=\"container\">\n\t\t\t\t\t<div class=\"e-con-inner\">\n\t\t\t\t<div class=\"elementor-element elementor-element-d725b90 elementor-widget elementor-widget-heading\" data-id=\"d725b90\" data-element_type=\"widget\" data-e-type=\"widget\" data-widget_type=\"heading.default\">\n\t\t\t\t\t<h2 class=\"elementor-heading-title elementor-size-default\"><u>S\u00e9ries\/projets<\/u><\/h2>\t\t\t\t<\/div>\n\t\t\t\t\t<\/div>\n\t\t\t\t<\/div>\n\t\t<div class=\"elementor-element elementor-element-e7394cf e-flex e-con-boxed e-con e-parent\" data-id=\"e7394cf\" data-element_type=\"container\" data-e-type=\"container\">\n\t\t\t\t\t<div class=\"e-con-inner\">\n\t\t\t\t<div class=\"elementor-element elementor-element-f09f8eb elementor-widget elementor-widget-text-editor\" data-id=\"f09f8eb\" data-element_type=\"widget\" data-e-type=\"widget\" data-widget_type=\"text-editor.default\">\n\t\t\t\t\t\t\t\t\t<p>Je r\u00e9alise des s\u00e9ries d\u2019\u0153uvres pour des particuliers et des entreprises, chaque projet est\u00a0<span style=\"font-size: 15px;\">soigneusement \u00e9tudi\u00e9 avec le commanditaire.<\/span><\/p><p style=\"text-align: center;\"><a class=\"wp-block-button__link has-text-align-center wp-element-button\" style=\"font-variant-ligatures: normal; font-variant-caps: normal; font-family: Poppins; font-style: normal; transition-property: all; height: 39.9826px;\" href=\"https:\/\/pascalfrancois.com\/index.php\/contact\/\">Contactez-moi<\/a><\/p>\t\t\t\t\t\t\t\t<\/div>\n\t\t\t\t\t<\/div>\n\t\t\t\t<\/div>\n\t\t<div class=\"elementor-element elementor-element-28e7da5 e-flex e-con-boxed e-con e-parent\" data-id=\"28e7da5\" data-element_type=\"container\" data-e-type=\"container\">\n\t\t\t\t\t<div class=\"e-con-inner\">\n\t\t\t\t<div class=\"elementor-element elementor-element-ce7384a elementor-widget elementor-widget-wp-widget-recent-posts\" data-id=\"ce7384a\" data-element_type=\"widget\" data-e-type=\"widget\" data-widget_type=\"wp-widget-recent-posts.default\">\n\t\t\t\t<div class=\"elementor-widget-container\">\n\t\t\t\t\t\n\t\t\n\t\t<h5>Articles<\/h5>\n\t\t<ul>\n\t\t\t\t\t\t\t\t\t\t\t<li>\n\t\t\t\t\t<a href=\"https:\/\/pascalfrancois.com\/index.php\/2025\/08\/11\/test\/\">Nouvelle expo<\/a>\n\t\t\t\t\t\t\t\t\t\t\t<span class=\"post-date\">ao\u00fbt 11, 2025<\/span>\n\t\t\t\t\t\t\t\t\t<\/li>\n\t\t\t\t\t<\/ul>\n\n\t\t\t\t\t\t<\/div>\n\t\t\t\t<\/div>\n\t\t\t\t\t<\/div>\n\t\t\t\t<\/div>\n\t\t\t\t<\/div>\n\t\t","protected":false},"excerpt":{"rendered":"<p>Services Organisation d&rsquo;exposition Depuis plusieurs ann\u00e9es j&rsquo;organise, seul ou en partenariat, des expositions d&rsquo;artistes dans\u00a0Casablanca. Je peux vous accompagner dans votre projet, le choix des artistes, la mise en place des\u00a0\u0153uvres et les choix r\u00e9dactionnels. Contactez-moi Sc\u00e9nographie d&rsquo;int\u00e9rieur Je peux vous aider dans l&rsquo;accrochage de vos tableaux, le choix et l&#8217;emplacement id\u00e9al pour chacune\u00a0de vos [&hellip;]<\/p>\n","protected":false},"author":1,"featured_media":0,"parent":0,"menu_order":0,"comment_status":"closed","ping_status":"closed","template":"","meta":{"footnotes":""},"class_list":["post-2662","page","type-page","status-publish","hentry","entry"],"yoast_head":"<!-- This site is optimized with the Yoast SEO plugin v27.2 - https:\/\/yoast.com\/product\/yoast-seo-wordpress\/ -->\n<title>Services - Pascal Francois<\/title>\n<meta name=\"robots\" content=\"index, follow, max-snippet:-1, max-image-preview:large, max-video-preview:-1\" \/>\n<link rel=\"canonical\" href=\"https:\/\/pascalfrancois.com\/index.php\/service\/\" \/>\n<meta property=\"og:locale\" content=\"fr_FR\" \/>\n<meta property=\"og:type\" content=\"article\" \/>\n<meta property=\"og:title\" content=\"Services - Pascal Francois\" \/>\n<meta property=\"og:description\" content=\"Services Organisation d&rsquo;exposition Depuis plusieurs ann\u00e9es j&rsquo;organise, seul ou en partenariat, des expositions d&rsquo;artistes dans\u00a0Casablanca. Je peux vous accompagner dans votre projet, le choix des artistes, la mise en place des\u00a0\u0153uvres et les choix r\u00e9dactionnels. Contactez-moi Sc\u00e9nographie d&rsquo;int\u00e9rieur Je peux vous aider dans l&rsquo;accrochage de vos tableaux, le choix et l&#8217;emplacement id\u00e9al pour chacune\u00a0de vos [&hellip;]\" \/>\n<meta property=\"og:url\" content=\"https:\/\/pascalfrancois.com\/index.php\/service\/\" \/>\n<meta property=\"og:site_name\" content=\"Pascal Francois\" \/>\n<meta property=\"article:modified_time\" content=\"2025-08-11T16:07:24+00:00\" \/>\n<meta name=\"twitter:card\" content=\"summary_large_image\" \/>\n<meta name=\"twitter:label1\" content=\"Dur\u00e9e de lecture estim\u00e9e\" \/>\n\t<meta name=\"twitter:data1\" content=\"1 minute\" \/>\n<script type=\"application\/ld+json\" class=\"yoast-schema-graph\">{\"@context\":\"https:\/\/schema.org\",\"@graph\":[{\"@type\":\"WebPage\",\"@id\":\"https:\/\/pascalfrancois.com\/index.php\/service\/\",\"url\":\"https:\/\/pascalfrancois.com\/index.php\/service\/\",\"name\":\"Services - Pascal Francois\",\"isPartOf\":{\"@id\":\"https:\/\/pascalfrancois.com\/#website\"},\"datePublished\":\"2025-08-09T09:58:10+00:00\",\"dateModified\":\"2025-08-11T16:07:24+00:00\",\"breadcrumb\":{\"@id\":\"https:\/\/pascalfrancois.com\/index.php\/service\/#breadcrumb\"},\"inLanguage\":\"fr-FR\",\"potentialAction\":[{\"@type\":\"ReadAction\",\"target\":[\"https:\/\/pascalfrancois.com\/index.php\/service\/\"]}]},{\"@type\":\"BreadcrumbList\",\"@id\":\"https:\/\/pascalfrancois.com\/index.php\/service\/#breadcrumb\",\"itemListElement\":[{\"@type\":\"ListItem\",\"position\":1,\"name\":\"Accueil\",\"item\":\"https:\/\/pascalfrancois.com\/\"},{\"@type\":\"ListItem\",\"position\":2,\"name\":\"Services\"}]},{\"@type\":\"WebSite\",\"@id\":\"https:\/\/pascalfrancois.com\/#website\",\"url\":\"https:\/\/pascalfrancois.com\/\",\"name\":\"Pascal Francois\",\"description\":\"Abracadablanca\",\"potentialAction\":[{\"@type\":\"SearchAction\",\"target\":{\"@type\":\"EntryPoint\",\"urlTemplate\":\"https:\/\/pascalfrancois.com\/?s={search_term_string}\"},\"query-input\":{\"@type\":\"PropertyValueSpecification\",\"valueRequired\":true,\"valueName\":\"search_term_string\"}}],\"inLanguage\":\"fr-FR\"}]}<\/script>\n<!-- \/ Yoast SEO plugin. -->","yoast_head_json":{"title":"Services - Pascal Francois","robots":{"index":"index","follow":"follow","max-snippet":"max-snippet:-1","max-image-preview":"max-image-preview:large","max-video-preview":"max-video-preview:-1"},"canonical":"https:\/\/pascalfrancois.com\/index.php\/service\/","og_locale":"fr_FR","og_type":"article","og_title":"Services - Pascal Francois","og_description":"Services Organisation d&rsquo;exposition Depuis plusieurs ann\u00e9es j&rsquo;organise, seul ou en partenariat, des expositions d&rsquo;artistes dans\u00a0Casablanca. Je peux vous accompagner dans votre projet, le choix des artistes, la mise en place des\u00a0\u0153uvres et les choix r\u00e9dactionnels. Contactez-moi Sc\u00e9nographie d&rsquo;int\u00e9rieur Je peux vous aider dans l&rsquo;accrochage de vos tableaux, le choix et l&#8217;emplacement id\u00e9al pour chacune\u00a0de vos [&hellip;]","og_url":"https:\/\/pascalfrancois.com\/index.php\/service\/","og_site_name":"Pascal Francois","article_modified_time":"2025-08-11T16:07:24+00:00","twitter_card":"summary_large_image","twitter_misc":{"Dur\u00e9e de lecture estim\u00e9e":"1 minute"},"schema":{"@context":"https:\/\/schema.org","@graph":[{"@type":"WebPage","@id":"https:\/\/pascalfrancois.com\/index.php\/service\/","url":"https:\/\/pascalfrancois.com\/index.php\/service\/","name":"Services - Pascal Francois","isPartOf":{"@id":"https:\/\/pascalfrancois.com\/#website"},"datePublished":"2025-08-09T09:58:10+00:00","dateModified":"2025-08-11T16:07:24+00:00","breadcrumb":{"@id":"https:\/\/pascalfrancois.com\/index.php\/service\/#breadcrumb"},"inLanguage":"fr-FR","potentialAction":[{"@type":"ReadAction","target":["https:\/\/pascalfrancois.com\/index.php\/service\/"]}]},{"@type":"BreadcrumbList","@id":"https:\/\/pascalfrancois.com\/index.php\/service\/#breadcrumb","itemListElement":[{"@type":"ListItem","position":1,"name":"Accueil","item":"https:\/\/pascalfrancois.com\/"},{"@type":"ListItem","position":2,"name":"Services"}]},{"@type":"WebSite","@id":"https:\/\/pascalfrancois.com\/#website","url":"https:\/\/pascalfrancois.com\/","name":"Pascal Francois","description":"Abracadablanca","potentialAction":[{"@type":"SearchAction","target":{"@type":"EntryPoint","urlTemplate":"https:\/\/pascalfrancois.com\/?s={search_term_string}"},"query-input":{"@type":"PropertyValueSpecification","valueRequired":true,"valueName":"search_term_string"}}],"inLanguage":"fr-FR"}]}},"_links":{"self":[{"href":"https:\/\/pascalfrancois.com\/index.php\/wp-json\/wp\/v2\/pages\/2662","targetHints":{"allow":["GET"]}}],"collection":[{"href":"https:\/\/pascalfrancois.com\/index.php\/wp-json\/wp\/v2\/pages"}],"about":[{"href":"https:\/\/pascalfrancois.com\/index.php\/wp-json\/wp\/v2\/types\/page"}],"author":[{"embeddable":true,"href":"https:\/\/pascalfrancois.com\/index.php\/wp-json\/wp\/v2\/users\/1"}],"replies":[{"embeddable":true,"href":"https:\/\/pascalfrancois.com\/index.php\/wp-json\/wp\/v2\/comments?post=2662"}],"version-history":[{"count":35,"href":"https:\/\/pascalfrancois.com\/index.php\/wp-json\/wp\/v2\/pages\/2662\/revisions"}],"predecessor-version":[{"id":3306,"href":"https:\/\/pascalfrancois.com\/index.php\/wp-json\/wp\/v2\/pages\/2662\/revisions\/3306"}],"wp:attachment":[{"href":"https:\/\/pascalfrancois.com\/index.php\/wp-json\/wp\/v2\/media?parent=2662"}],"curies":[{"name":"wp","href":"https:\/\/api.w.org\/{rel}","templated":true}]}}