{"id":2152,"date":"2025-08-07T16:09:06","date_gmt":"2025-08-07T16:09:06","guid":{"rendered":"https:\/\/pascalfrancois.com\/?page_id=2152"},"modified":"2025-08-15T17:51:45","modified_gmt":"2025-08-15T17:51:45","slug":"pascal-francois","status":"publish","type":"page","link":"https:\/\/pascalfrancois.com\/index.php\/pascal-francois\/","title":{"rendered":"Pascal Fran\u00e7ois"},"content":{"rendered":"\t\t<div data-elementor-type=\"wp-page\" data-elementor-id=\"2152\" class=\"elementor elementor-2152\">\n\t\t\t\t<div class=\"elementor-element elementor-element-31bc2bb e-flex e-con-boxed e-con e-parent\" data-id=\"31bc2bb\" data-element_type=\"container\" data-e-type=\"container\">\n\t\t\t\t\t<div class=\"e-con-inner\">\n\t\t<div class=\"elementor-element elementor-element-1aea2af e-grid e-con-full e-con e-child\" data-id=\"1aea2af\" data-element_type=\"container\" data-e-type=\"container\">\n\t\t\t\t<div class=\"elementor-element elementor-element-423d98f elementor-widget__width-initial elementor-widget elementor-widget-image\" data-id=\"423d98f\" data-element_type=\"widget\" data-e-type=\"widget\" data-widget_type=\"image.default\">\n\t\t\t\t\t\t\t\t\t\t\t\t\t\t\t<img fetchpriority=\"high\" decoding=\"async\" width=\"1090\" height=\"1536\" src=\"https:\/\/pascalfrancois.com\/wp-content\/uploads\/2025\/08\/portrait-2-par-Brahim-Benkirane-2024-1090x1536.jpeg\" class=\"attachment-1536x1536 size-1536x1536 wp-image-1933\" alt=\"\" srcset=\"https:\/\/pascalfrancois.com\/wp-content\/uploads\/2025\/08\/portrait-2-par-Brahim-Benkirane-2024-1090x1536.jpeg 1090w, https:\/\/pascalfrancois.com\/wp-content\/uploads\/2025\/08\/portrait-2-par-Brahim-Benkirane-2024-213x300.jpeg 213w, https:\/\/pascalfrancois.com\/wp-content\/uploads\/2025\/08\/portrait-2-par-Brahim-Benkirane-2024-726x1024.jpeg 726w, https:\/\/pascalfrancois.com\/wp-content\/uploads\/2025\/08\/portrait-2-par-Brahim-Benkirane-2024-768x1083.jpeg 768w, https:\/\/pascalfrancois.com\/wp-content\/uploads\/2025\/08\/portrait-2-par-Brahim-Benkirane-2024-400x564.jpeg 400w, https:\/\/pascalfrancois.com\/wp-content\/uploads\/2025\/08\/portrait-2-par-Brahim-Benkirane-2024-600x846.jpeg 600w, https:\/\/pascalfrancois.com\/wp-content\/uploads\/2025\/08\/portrait-2-par-Brahim-Benkirane-2024-64x90.jpeg 64w, https:\/\/pascalfrancois.com\/wp-content\/uploads\/2025\/08\/portrait-2-par-Brahim-Benkirane-2024.jpeg 1135w\" sizes=\"(max-width: 1090px) 100vw, 1090px\" \/>\t\t\t\t\t\t\t\t\t\t\t\t\t\t\t<\/div>\n\t\t\t\t<div class=\"elementor-element elementor-element-ccb0032 elementor-widget elementor-widget-text-editor\" data-id=\"ccb0032\" data-element_type=\"widget\" data-e-type=\"widget\" data-widget_type=\"text-editor.default\">\n\t\t\t\t\t\t\t\t\t<h6>\u00a0<\/h6><h6><strong>L&rsquo;atelier de l&rsquo;artiste Pascal Fran\u00e7ois, \u00abStudio13\u00bb, est situ\u00e9 \u00e0 Casablanca (Maroc) dans le quartier historique de Mers Sultan, tout proche du parc de la Ligue arabe.<\/strong><\/h6><h6>Ce lieu de cr\u00e9ation et de partage attire r\u00e9guli\u00e8rement des artistes ou des collectionneurs,\u00a0<span style=\"font-family: Poppins; font-size: 15px; font-style: normal; font-variant-ligatures: normal; font-variant-caps: normal; font-weight: 600;\">uniquement\u00a0<\/span><span style=\"font-family: Poppins; font-size: 15px; font-weight: 600;\">sur <span style=\"color: #993300;\">RDV.<\/span><\/span><\/h6><p style=\"text-align: center;\"><a class=\"wp-block-button__link has-text-align-center wp-element-button\" style=\"font-variant-ligatures: normal; font-variant-caps: normal; font-family: Poppins; font-style: normal; transition-property: all; height: 39.9826px;\" href=\"https:\/\/pascalfrancois.com\/index.php\/contact\/\">Demande de rdv<\/a><\/p>\t\t\t\t\t\t\t\t<\/div>\n\t\t\t\t<\/div>\n\t\t\t\t<div class=\"elementor-element elementor-element-1462204 elementor-widget elementor-widget-text-editor\" data-id=\"1462204\" data-element_type=\"widget\" data-e-type=\"widget\" data-widget_type=\"text-editor.default\">\n\t\t\t\t\t\t\t\t\t<h6 style=\"text-align: center;\"><span style=\"font-family: Poppins; font-size: 15px; font-weight: 600;\">Si vous d\u00e9sirez d\u00e9couvrir le travail de l&rsquo;artiste dans son univers, vous pouvez en faire la demande en remplissant le formulaire.<\/span><\/h6><h6 style=\"text-align: center;\"><span style=\"font-family: Poppins; font-size: 15px; font-weight: 600;\">Nous vous r\u00e9pondrons rapidement\u00a0\u00a0<\/span><\/h6>\t\t\t\t\t\t\t\t<\/div>\n\t\t\t\t<div class=\"elementor-element elementor-element-877671b elementor-shape-rounded elementor-grid-0 e-grid-align-center elementor-widget elementor-widget-social-icons\" data-id=\"877671b\" data-element_type=\"widget\" data-e-type=\"widget\" data-widget_type=\"social-icons.default\">\n\t\t\t\t\t\t\t<div class=\"elementor-social-icons-wrapper elementor-grid\" role=\"list\">\n\t\t\t\t\t\t\t<span class=\"elementor-grid-item\" role=\"listitem\">\n\t\t\t\t\t<a class=\"elementor-icon elementor-social-icon elementor-social-icon-instagram elementor-repeater-item-ed3faad\" href=\"https:\/\/www.instagram.com\/pascal6037\/\" target=\"_blank\">\n\t\t\t\t\t\t<span class=\"elementor-screen-only\">Instagram<\/span>\n\t\t\t\t\t\t<svg aria-hidden=\"true\" class=\"e-font-icon-svg e-fab-instagram\" viewBox=\"0 0 448 512\" xmlns=\"http:\/\/www.w3.org\/2000\/svg\"><path d=\"M224.1 141c-63.6 0-114.9 51.3-114.9 114.9s51.3 114.9 114.9 114.9S339 319.5 339 255.9 287.7 141 224.1 141zm0 189.6c-41.1 0-74.7-33.5-74.7-74.7s33.5-74.7 74.7-74.7 74.7 33.5 74.7 74.7-33.6 74.7-74.7 74.7zm146.4-194.3c0 14.9-12 26.8-26.8 26.8-14.9 0-26.8-12-26.8-26.8s12-26.8 26.8-26.8 26.8 12 26.8 26.8zm76.1 27.2c-1.7-35.9-9.9-67.7-36.2-93.9-26.2-26.2-58-34.4-93.9-36.2-37-2.1-147.9-2.1-184.9 0-35.8 1.7-67.6 9.9-93.9 36.1s-34.4 58-36.2 93.9c-2.1 37-2.1 147.9 0 184.9 1.7 35.9 9.9 67.7 36.2 93.9s58 34.4 93.9 36.2c37 2.1 147.9 2.1 184.9 0 35.9-1.7 67.7-9.9 93.9-36.2 26.2-26.2 34.4-58 36.2-93.9 2.1-37 2.1-147.8 0-184.8zM398.8 388c-7.8 19.6-22.9 34.7-42.6 42.6-29.5 11.7-99.5 9-132.1 9s-102.7 2.6-132.1-9c-19.6-7.8-34.7-22.9-42.6-42.6-11.7-29.5-9-99.5-9-132.1s-2.6-102.7 9-132.1c7.8-19.6 22.9-34.7 42.6-42.6 29.5-11.7 99.5-9 132.1-9s102.7-2.6 132.1 9c19.6 7.8 34.7 22.9 42.6 42.6 11.7 29.5 9 99.5 9 132.1s2.7 102.7-9 132.1z\"><\/path><\/svg>\t\t\t\t\t<\/a>\n\t\t\t\t<\/span>\n\t\t\t\t\t\t\t<span class=\"elementor-grid-item\" role=\"listitem\">\n\t\t\t\t\t<a class=\"elementor-icon elementor-social-icon elementor-social-icon-facebook elementor-repeater-item-21bc5c9\" href=\"https:\/\/web.facebook.com\/pascal.francois.666\" target=\"_blank\">\n\t\t\t\t\t\t<span class=\"elementor-screen-only\">Facebook<\/span>\n\t\t\t\t\t\t<svg aria-hidden=\"true\" class=\"e-font-icon-svg e-fab-facebook\" viewBox=\"0 0 512 512\" xmlns=\"http:\/\/www.w3.org\/2000\/svg\"><path d=\"M504 256C504 119 393 8 256 8S8 119 8 256c0 123.78 90.69 226.38 209.25 245V327.69h-63V256h63v-54.64c0-62.15 37-96.48 93.67-96.48 27.14 0 55.52 4.84 55.52 4.84v61h-31.28c-30.8 0-40.41 19.12-40.41 38.73V256h68.78l-11 71.69h-57.78V501C413.31 482.38 504 379.78 504 256z\"><\/path><\/svg>\t\t\t\t\t<\/a>\n\t\t\t\t<\/span>\n\t\t\t\t\t<\/div>\n\t\t\t\t\t\t<\/div>\n\t\t\t\t<div class=\"elementor-element elementor-element-5aa5cbf elementor-widget elementor-widget-image-gallery\" data-id=\"5aa5cbf\" data-element_type=\"widget\" data-e-type=\"widget\" data-widget_type=\"image-gallery.default\">\n\t\t\t\t\t\t\t<div class=\"elementor-image-gallery\">\n\t\t\t<div id='gallery-1' class='gallery galleryid-2152 gallery-columns-5 gallery-size-medium'><figure class='gallery-item'>\n\t\t\t<div class='gallery-icon portrait'>\n\t\t\t\t<img decoding=\"async\" width=\"244\" height=\"300\" src=\"https:\/\/pascalfrancois.com\/wp-content\/uploads\/2025\/08\/WhatsApp-Image-2023-11-18-at-11.04.22-1-244x300.jpeg\" class=\"attachment-medium size-medium\" alt=\"\" srcset=\"https:\/\/pascalfrancois.com\/wp-content\/uploads\/2025\/08\/WhatsApp-Image-2023-11-18-at-11.04.22-1-244x300.jpeg 244w, https:\/\/pascalfrancois.com\/wp-content\/uploads\/2025\/08\/WhatsApp-Image-2023-11-18-at-11.04.22-1-832x1024.jpeg 832w, https:\/\/pascalfrancois.com\/wp-content\/uploads\/2025\/08\/WhatsApp-Image-2023-11-18-at-11.04.22-1-768x945.jpeg 768w, https:\/\/pascalfrancois.com\/wp-content\/uploads\/2025\/08\/WhatsApp-Image-2023-11-18-at-11.04.22-1-1248x1536.jpeg 1248w, https:\/\/pascalfrancois.com\/wp-content\/uploads\/2025\/08\/WhatsApp-Image-2023-11-18-at-11.04.22-1-400x492.jpeg 400w, https:\/\/pascalfrancois.com\/wp-content\/uploads\/2025\/08\/WhatsApp-Image-2023-11-18-at-11.04.22-1-600x738.jpeg 600w, https:\/\/pascalfrancois.com\/wp-content\/uploads\/2025\/08\/WhatsApp-Image-2023-11-18-at-11.04.22-1-64x79.jpeg 64w, https:\/\/pascalfrancois.com\/wp-content\/uploads\/2025\/08\/WhatsApp-Image-2023-11-18-at-11.04.22-1.jpeg 1300w\" sizes=\"(max-width: 244px) 100vw, 244px\" \/>\n\t\t\t<\/div><\/figure><figure class='gallery-item'>\n\t\t\t<div class='gallery-icon portrait'>\n\t\t\t\t<img decoding=\"async\" width=\"244\" height=\"300\" src=\"https:\/\/pascalfrancois.com\/wp-content\/uploads\/2025\/08\/WhatsApp-Image-2023-11-18-at-11.04.02-244x300.jpeg\" class=\"attachment-medium size-medium\" alt=\"\" srcset=\"https:\/\/pascalfrancois.com\/wp-content\/uploads\/2025\/08\/WhatsApp-Image-2023-11-18-at-11.04.02-244x300.jpeg 244w, https:\/\/pascalfrancois.com\/wp-content\/uploads\/2025\/08\/WhatsApp-Image-2023-11-18-at-11.04.02-832x1024.jpeg 832w, https:\/\/pascalfrancois.com\/wp-content\/uploads\/2025\/08\/WhatsApp-Image-2023-11-18-at-11.04.02-768x945.jpeg 768w, https:\/\/pascalfrancois.com\/wp-content\/uploads\/2025\/08\/WhatsApp-Image-2023-11-18-at-11.04.02-1248x1536.jpeg 1248w, https:\/\/pascalfrancois.com\/wp-content\/uploads\/2025\/08\/WhatsApp-Image-2023-11-18-at-11.04.02-400x492.jpeg 400w, https:\/\/pascalfrancois.com\/wp-content\/uploads\/2025\/08\/WhatsApp-Image-2023-11-18-at-11.04.02-600x738.jpeg 600w, https:\/\/pascalfrancois.com\/wp-content\/uploads\/2025\/08\/WhatsApp-Image-2023-11-18-at-11.04.02-64x79.jpeg 64w, https:\/\/pascalfrancois.com\/wp-content\/uploads\/2025\/08\/WhatsApp-Image-2023-11-18-at-11.04.02.jpeg 1300w\" sizes=\"(max-width: 244px) 100vw, 244px\" \/>\n\t\t\t<\/div><\/figure><figure class='gallery-item'>\n\t\t\t<div class='gallery-icon landscape'>\n\t\t\t\t<img loading=\"lazy\" decoding=\"async\" width=\"300\" height=\"227\" src=\"https:\/\/pascalfrancois.com\/wp-content\/uploads\/2025\/08\/atelier-jour-300x227.jpg\" class=\"attachment-medium size-medium\" alt=\"\" srcset=\"https:\/\/pascalfrancois.com\/wp-content\/uploads\/2025\/08\/atelier-jour-300x227.jpg 300w, https:\/\/pascalfrancois.com\/wp-content\/uploads\/2025\/08\/atelier-jour-1024x776.jpg 1024w, https:\/\/pascalfrancois.com\/wp-content\/uploads\/2025\/08\/atelier-jour-768x582.jpg 768w, https:\/\/pascalfrancois.com\/wp-content\/uploads\/2025\/08\/atelier-jour-400x303.jpg 400w, https:\/\/pascalfrancois.com\/wp-content\/uploads\/2025\/08\/atelier-jour-600x455.jpg 600w, https:\/\/pascalfrancois.com\/wp-content\/uploads\/2025\/08\/atelier-jour-64x49.jpg 64w, https:\/\/pascalfrancois.com\/wp-content\/uploads\/2025\/08\/atelier-jour.jpg 1417w\" sizes=\"(max-width: 300px) 100vw, 300px\" \/>\n\t\t\t<\/div><\/figure><figure class='gallery-item'>\n\t\t\t<div class='gallery-icon portrait'>\n\t\t\t\t<img loading=\"lazy\" decoding=\"async\" width=\"244\" height=\"300\" src=\"https:\/\/pascalfrancois.com\/wp-content\/uploads\/2025\/08\/WhatsApp-Image-2023-11-18-at-11.04.12-244x300.jpeg\" class=\"attachment-medium size-medium\" alt=\"\" srcset=\"https:\/\/pascalfrancois.com\/wp-content\/uploads\/2025\/08\/WhatsApp-Image-2023-11-18-at-11.04.12-244x300.jpeg 244w, https:\/\/pascalfrancois.com\/wp-content\/uploads\/2025\/08\/WhatsApp-Image-2023-11-18-at-11.04.12-832x1024.jpeg 832w, https:\/\/pascalfrancois.com\/wp-content\/uploads\/2025\/08\/WhatsApp-Image-2023-11-18-at-11.04.12-768x945.jpeg 768w, https:\/\/pascalfrancois.com\/wp-content\/uploads\/2025\/08\/WhatsApp-Image-2023-11-18-at-11.04.12-1248x1536.jpeg 1248w, https:\/\/pascalfrancois.com\/wp-content\/uploads\/2025\/08\/WhatsApp-Image-2023-11-18-at-11.04.12-400x492.jpeg 400w, https:\/\/pascalfrancois.com\/wp-content\/uploads\/2025\/08\/WhatsApp-Image-2023-11-18-at-11.04.12-600x738.jpeg 600w, https:\/\/pascalfrancois.com\/wp-content\/uploads\/2025\/08\/WhatsApp-Image-2023-11-18-at-11.04.12-64x79.jpeg 64w, https:\/\/pascalfrancois.com\/wp-content\/uploads\/2025\/08\/WhatsApp-Image-2023-11-18-at-11.04.12.jpeg 1300w\" sizes=\"(max-width: 244px) 100vw, 244px\" \/>\n\t\t\t<\/div><\/figure>\n\t\t<\/div>\n\t\t<\/div>\n\t\t\t\t\t\t<\/div>\n\t\t\t\t\t<\/div>\n\t\t\t\t<\/div>\n\t\t\t\t<\/div>\n\t\t","protected":false},"excerpt":{"rendered":"<p>\u00a0 L&rsquo;atelier de l&rsquo;artiste Pascal Fran\u00e7ois, \u00abStudio13\u00bb, est situ\u00e9 \u00e0 Casablanca (Maroc) dans le quartier historique de Mers Sultan, tout proche du parc de la Ligue arabe. Ce lieu de cr\u00e9ation et de partage attire r\u00e9guli\u00e8rement des artistes ou des collectionneurs,\u00a0uniquement\u00a0sur RDV. Demande de rdv Si vous d\u00e9sirez d\u00e9couvrir le travail de l&rsquo;artiste dans son [&hellip;]<\/p>\n","protected":false},"author":1,"featured_media":0,"parent":0,"menu_order":0,"comment_status":"closed","ping_status":"closed","template":"","meta":{"footnotes":""},"class_list":["post-2152","page","type-page","status-publish","hentry","entry"],"yoast_head":"<!-- This site is optimized with the Yoast SEO plugin v27.2 - https:\/\/yoast.com\/product\/yoast-seo-wordpress\/ -->\n<title>Pascal Fran\u00e7ois - Pascal Francois<\/title>\n<meta name=\"robots\" content=\"index, follow, max-snippet:-1, max-image-preview:large, max-video-preview:-1\" \/>\n<link rel=\"canonical\" href=\"https:\/\/pascalfrancois.com\/index.php\/pascal-francois\/\" \/>\n<meta property=\"og:locale\" content=\"fr_FR\" \/>\n<meta property=\"og:type\" content=\"article\" \/>\n<meta property=\"og:title\" content=\"Pascal Fran\u00e7ois - Pascal Francois\" \/>\n<meta property=\"og:description\" content=\"\u00a0 L&rsquo;atelier de l&rsquo;artiste Pascal Fran\u00e7ois, \u00abStudio13\u00bb, est situ\u00e9 \u00e0 Casablanca (Maroc) dans le quartier historique de Mers Sultan, tout proche du parc de la Ligue arabe. Ce lieu de cr\u00e9ation et de partage attire r\u00e9guli\u00e8rement des artistes ou des collectionneurs,\u00a0uniquement\u00a0sur RDV. Demande de rdv Si vous d\u00e9sirez d\u00e9couvrir le travail de l&rsquo;artiste dans son [&hellip;]\" \/>\n<meta property=\"og:url\" content=\"https:\/\/pascalfrancois.com\/index.php\/pascal-francois\/\" \/>\n<meta property=\"og:site_name\" content=\"Pascal Francois\" \/>\n<meta property=\"article:modified_time\" content=\"2025-08-15T17:51:45+00:00\" \/>\n<meta property=\"og:image\" content=\"https:\/\/pascalfrancois.com\/wp-content\/uploads\/2025\/08\/portrait-2-par-Brahim-Benkirane-2024.jpeg\" \/>\n\t<meta property=\"og:image:width\" content=\"1135\" \/>\n\t<meta property=\"og:image:height\" content=\"1600\" \/>\n\t<meta property=\"og:image:type\" content=\"image\/jpeg\" \/>\n<meta name=\"twitter:card\" content=\"summary_large_image\" \/>\n<meta name=\"twitter:label1\" content=\"Dur\u00e9e de lecture estim\u00e9e\" \/>\n\t<meta name=\"twitter:data1\" content=\"2 minutes\" \/>\n<script type=\"application\/ld+json\" class=\"yoast-schema-graph\">{\"@context\":\"https:\/\/schema.org\",\"@graph\":[{\"@type\":\"WebPage\",\"@id\":\"https:\/\/pascalfrancois.com\/index.php\/pascal-francois\/\",\"url\":\"https:\/\/pascalfrancois.com\/index.php\/pascal-francois\/\",\"name\":\"Pascal Fran\u00e7ois - Pascal Francois\",\"isPartOf\":{\"@id\":\"https:\/\/pascalfrancois.com\/#website\"},\"primaryImageOfPage\":{\"@id\":\"https:\/\/pascalfrancois.com\/index.php\/pascal-francois\/#primaryimage\"},\"image\":{\"@id\":\"https:\/\/pascalfrancois.com\/index.php\/pascal-francois\/#primaryimage\"},\"thumbnailUrl\":\"https:\/\/pascalfrancois.com\/wp-content\/uploads\/2025\/08\/portrait-2-par-Brahim-Benkirane-2024-1090x1536.jpeg\",\"datePublished\":\"2025-08-07T16:09:06+00:00\",\"dateModified\":\"2025-08-15T17:51:45+00:00\",\"breadcrumb\":{\"@id\":\"https:\/\/pascalfrancois.com\/index.php\/pascal-francois\/#breadcrumb\"},\"inLanguage\":\"fr-FR\",\"potentialAction\":[{\"@type\":\"ReadAction\",\"target\":[\"https:\/\/pascalfrancois.com\/index.php\/pascal-francois\/\"]}]},{\"@type\":\"ImageObject\",\"inLanguage\":\"fr-FR\",\"@id\":\"https:\/\/pascalfrancois.com\/index.php\/pascal-francois\/#primaryimage\",\"url\":\"https:\/\/pascalfrancois.com\/wp-content\/uploads\/2025\/08\/portrait-2-par-Brahim-Benkirane-2024.jpeg\",\"contentUrl\":\"https:\/\/pascalfrancois.com\/wp-content\/uploads\/2025\/08\/portrait-2-par-Brahim-Benkirane-2024.jpeg\",\"width\":1135,\"height\":1600,\"caption\":\"\u00a9 Brahim Benkirane\"},{\"@type\":\"BreadcrumbList\",\"@id\":\"https:\/\/pascalfrancois.com\/index.php\/pascal-francois\/#breadcrumb\",\"itemListElement\":[{\"@type\":\"ListItem\",\"position\":1,\"name\":\"Accueil\",\"item\":\"https:\/\/pascalfrancois.com\/\"},{\"@type\":\"ListItem\",\"position\":2,\"name\":\"Pascal Fran\u00e7ois\"}]},{\"@type\":\"WebSite\",\"@id\":\"https:\/\/pascalfrancois.com\/#website\",\"url\":\"https:\/\/pascalfrancois.com\/\",\"name\":\"Pascal Francois\",\"description\":\"Abracadablanca\",\"potentialAction\":[{\"@type\":\"SearchAction\",\"target\":{\"@type\":\"EntryPoint\",\"urlTemplate\":\"https:\/\/pascalfrancois.com\/?s={search_term_string}\"},\"query-input\":{\"@type\":\"PropertyValueSpecification\",\"valueRequired\":true,\"valueName\":\"search_term_string\"}}],\"inLanguage\":\"fr-FR\"}]}<\/script>\n<!-- \/ Yoast SEO plugin. -->","yoast_head_json":{"title":"Pascal Fran\u00e7ois - Pascal Francois","robots":{"index":"index","follow":"follow","max-snippet":"max-snippet:-1","max-image-preview":"max-image-preview:large","max-video-preview":"max-video-preview:-1"},"canonical":"https:\/\/pascalfrancois.com\/index.php\/pascal-francois\/","og_locale":"fr_FR","og_type":"article","og_title":"Pascal Fran\u00e7ois - Pascal Francois","og_description":"\u00a0 L&rsquo;atelier de l&rsquo;artiste Pascal Fran\u00e7ois, \u00abStudio13\u00bb, est situ\u00e9 \u00e0 Casablanca (Maroc) dans le quartier historique de Mers Sultan, tout proche du parc de la Ligue arabe. Ce lieu de cr\u00e9ation et de partage attire r\u00e9guli\u00e8rement des artistes ou des collectionneurs,\u00a0uniquement\u00a0sur RDV. Demande de rdv Si vous d\u00e9sirez d\u00e9couvrir le travail de l&rsquo;artiste dans son [&hellip;]","og_url":"https:\/\/pascalfrancois.com\/index.php\/pascal-francois\/","og_site_name":"Pascal Francois","article_modified_time":"2025-08-15T17:51:45+00:00","og_image":[{"width":1135,"height":1600,"url":"https:\/\/pascalfrancois.com\/wp-content\/uploads\/2025\/08\/portrait-2-par-Brahim-Benkirane-2024.jpeg","type":"image\/jpeg"}],"twitter_card":"summary_large_image","twitter_misc":{"Dur\u00e9e de lecture estim\u00e9e":"2 minutes"},"schema":{"@context":"https:\/\/schema.org","@graph":[{"@type":"WebPage","@id":"https:\/\/pascalfrancois.com\/index.php\/pascal-francois\/","url":"https:\/\/pascalfrancois.com\/index.php\/pascal-francois\/","name":"Pascal Fran\u00e7ois - Pascal Francois","isPartOf":{"@id":"https:\/\/pascalfrancois.com\/#website"},"primaryImageOfPage":{"@id":"https:\/\/pascalfrancois.com\/index.php\/pascal-francois\/#primaryimage"},"image":{"@id":"https:\/\/pascalfrancois.com\/index.php\/pascal-francois\/#primaryimage"},"thumbnailUrl":"https:\/\/pascalfrancois.com\/wp-content\/uploads\/2025\/08\/portrait-2-par-Brahim-Benkirane-2024-1090x1536.jpeg","datePublished":"2025-08-07T16:09:06+00:00","dateModified":"2025-08-15T17:51:45+00:00","breadcrumb":{"@id":"https:\/\/pascalfrancois.com\/index.php\/pascal-francois\/#breadcrumb"},"inLanguage":"fr-FR","potentialAction":[{"@type":"ReadAction","target":["https:\/\/pascalfrancois.com\/index.php\/pascal-francois\/"]}]},{"@type":"ImageObject","inLanguage":"fr-FR","@id":"https:\/\/pascalfrancois.com\/index.php\/pascal-francois\/#primaryimage","url":"https:\/\/pascalfrancois.com\/wp-content\/uploads\/2025\/08\/portrait-2-par-Brahim-Benkirane-2024.jpeg","contentUrl":"https:\/\/pascalfrancois.com\/wp-content\/uploads\/2025\/08\/portrait-2-par-Brahim-Benkirane-2024.jpeg","width":1135,"height":1600,"caption":"\u00a9 Brahim Benkirane"},{"@type":"BreadcrumbList","@id":"https:\/\/pascalfrancois.com\/index.php\/pascal-francois\/#breadcrumb","itemListElement":[{"@type":"ListItem","position":1,"name":"Accueil","item":"https:\/\/pascalfrancois.com\/"},{"@type":"ListItem","position":2,"name":"Pascal Fran\u00e7ois"}]},{"@type":"WebSite","@id":"https:\/\/pascalfrancois.com\/#website","url":"https:\/\/pascalfrancois.com\/","name":"Pascal Francois","description":"Abracadablanca","potentialAction":[{"@type":"SearchAction","target":{"@type":"EntryPoint","urlTemplate":"https:\/\/pascalfrancois.com\/?s={search_term_string}"},"query-input":{"@type":"PropertyValueSpecification","valueRequired":true,"valueName":"search_term_string"}}],"inLanguage":"fr-FR"}]}},"_links":{"self":[{"href":"https:\/\/pascalfrancois.com\/index.php\/wp-json\/wp\/v2\/pages\/2152","targetHints":{"allow":["GET"]}}],"collection":[{"href":"https:\/\/pascalfrancois.com\/index.php\/wp-json\/wp\/v2\/pages"}],"about":[{"href":"https:\/\/pascalfrancois.com\/index.php\/wp-json\/wp\/v2\/types\/page"}],"author":[{"embeddable":true,"href":"https:\/\/pascalfrancois.com\/index.php\/wp-json\/wp\/v2\/users\/1"}],"replies":[{"embeddable":true,"href":"https:\/\/pascalfrancois.com\/index.php\/wp-json\/wp\/v2\/comments?post=2152"}],"version-history":[{"count":265,"href":"https:\/\/pascalfrancois.com\/index.php\/wp-json\/wp\/v2\/pages\/2152\/revisions"}],"predecessor-version":[{"id":3759,"href":"https:\/\/pascalfrancois.com\/index.php\/wp-json\/wp\/v2\/pages\/2152\/revisions\/3759"}],"wp:attachment":[{"href":"https:\/\/pascalfrancois.com\/index.php\/wp-json\/wp\/v2\/media?parent=2152"}],"curies":[{"name":"wp","href":"https:\/\/api.w.org\/{rel}","templated":true}]}}