{"id":1794,"date":"2025-08-06T15:34:00","date_gmt":"2025-08-06T15:34:00","guid":{"rendered":"https:\/\/pascalfrancois.com\/?page_id=1794"},"modified":"2025-08-16T13:17:23","modified_gmt":"2025-08-16T13:17:23","slug":"biographie","status":"publish","type":"page","link":"https:\/\/pascalfrancois.com\/index.php\/biographie\/","title":{"rendered":"Biographie"},"content":{"rendered":"\t\t<div data-elementor-type=\"wp-page\" data-elementor-id=\"1794\" class=\"elementor elementor-1794\">\n\t\t\t\t<div class=\"elementor-element elementor-element-366260f5 e-flex e-con-boxed e-con e-parent\" data-id=\"366260f5\" data-element_type=\"container\" data-e-type=\"container\">\n\t\t\t\t\t<div class=\"e-con-inner\">\n\t\t<div class=\"elementor-element elementor-element-6e7264c e-grid e-con-full e-con e-child\" data-id=\"6e7264c\" data-element_type=\"container\" data-e-type=\"container\">\n\t\t\t\t<div class=\"elementor-element elementor-element-4af3a0b elementor-invisible elementor-widget elementor-widget-image\" data-id=\"4af3a0b\" data-element_type=\"widget\" data-e-type=\"widget\" data-settings=\"{&quot;_animation&quot;:&quot;fadeIn&quot;}\" data-widget_type=\"image.default\">\n\t\t\t\t\t\t\t\t\t\t\t\t<figure class=\"wp-caption\">\n\t\t\t\t\t\t\t\t\t\t\t<a href=\"https:\/\/pascalfrancois.com\/index.php\/pascal-francois\/\">\n\t\t\t\t\t\t\t<img decoding=\"async\" src=\"https:\/\/pascalfrancois.com\/wp-content\/uploads\/elementor\/thumbs\/portrait-2-par-Brahim-Benkirane-2024-r9wpcje8b5y4wwxapelf8t0d057srsj5uxt17koc7g.jpeg\" title=\"portrait par Brahim Benkirane 2024\" alt=\"\u00a9 Brahim Benkirane\" loading=\"lazy\" \/>\t\t\t\t\t\t\t\t<\/a>\n\t\t\t\t\t\t\t\t\t\t\t<figcaption class=\"widget-image-caption wp-caption-text\">\u00a9 Brahim Benkirane<\/figcaption>\n\t\t\t\t\t\t\t\t\t\t<\/figure>\n\t\t\t\t\t\t\t\t\t<\/div>\n\t\t\t\t<\/div>\n\t\t\t\t<div class=\"elementor-element elementor-element-72845432 elementor-widget elementor-widget-text-editor\" data-id=\"72845432\" data-element_type=\"widget\" data-e-type=\"widget\" data-widget_type=\"text-editor.default\">\n\t\t\t\t\t\t\t\t\t<div class=\"wp-block-media-text__content\">L&rsquo;art est une qu\u00eate de libert\u00e9. Les artistes sont des oiseaux voyageurs, jamais en exil, car le monde leur appartient. Pour eux, pour moi, peindre c\u2019est aimer la vie intens\u00e9ment. Cela exige d\u2019\u00eatre absolu \u00e0 la t\u00e2che, \u00e7a absorbe tout sur son passage, m\u00eame un pays entier.<\/div><p>J\u2019ai commenc\u00e9 \u00e0 imprimer des monotypes sur cuivre \u00e0 Marrakech, la ville rouge, en 2015.<br \/>Des centaines d\u2019estampes en noir et blanc, des images r\u00e9tiniennes, comme des impressions furtives de paysages, de rencontres.\u00a0<span style=\"font-size: 15px;\">Avec l\u2019encre de Chine j\u2019ai ensuite engag\u00e9 un travail d\u2019abstraction et de contrastes, de symboles. Je peignais avec des branches de palmier, des \u00e9pines, du foin.<\/span><\/p><p>A Casablanca, la ville blanche, j\u2019ai opt\u00e9 pour la couleur et fragment\u00e9 la densit\u00e9 urbaine pour l\u2019entrem\u00ealer \u00e0 l\u2019humain, \u00e0 ces fleurs humaines dont je m\u2019inspire, leurs couleurs, leurs odeurs, le caract\u00e8re unique de chacune d\u2019entre elles, dans cette ville tentaculaire, africaine et cosmopolite. On ressent parfois une grande solitude \u00e0 vivre au milieu de tant de monde. Un sentiment d\u2019abandon combl\u00e9 par le num\u00e9rique, un d\u00e9doublement perceptif, une fragmentation de l\u2019\u00eatre.<\/p><p>Lorsque j\u2019ai commenc\u00e9 \u00e0 d\u00e9velopper le concept nomm\u00e9 \u00ab\u00a0Abracadablanca\u00a0\u00bb, contraction de Abracadabra et de Casablanca, en 2020, je me suis attach\u00e9 \u00e0 observer minutieusement la ville et ses habitants, leur mouvement, \u00e0 percevoir la diversit\u00e9 humaine dans une approche ethnographique et romantique, afin d\u2019en r\u00e9aliser plusieurs s\u00e9ries de tableaux. \u00ab\u00a0Abracadablanca\u00a0\u00bb c\u2019est percevoir. Ce que nous sommes devenus l\u00e0 o\u00f9 nous sommes et ce que nous pourrions \u00eatre \u00e0 poss\u00e9der la magie de faire appara\u00eetre la vie, merveilleuse sous les apparences.<\/p><p>Toute m\u00e9gapole est un territoire d\u2019\u00e9changes, de commerce et de r\u00eaves, d\u2019images sans cesse en mouvement. Ici le Maroc et plus encore, les mots et les couleurs de toute l\u2019Afrique.<\/p><p style=\"text-align: center;\"><a class=\"wp-block-button__link has-text-align-center wp-element-button\" style=\"font-variant-ligatures: normal; font-variant-caps: normal; font-family: Poppins; font-style: normal; transition-property: all; height: 39.9826px;\" href=\"https:\/\/pascalfrancois.com\/index.php\/portefolio\/\">Portfolio<\/a><\/p><p><!-- \/wp:list --><\/p>\t\t\t\t\t\t\t\t<\/div>\n\t\t\t\t<div class=\"elementor-element elementor-element-acfd841 elementor-widget elementor-widget-text-editor\" data-id=\"acfd841\" data-element_type=\"widget\" data-e-type=\"widget\" data-widget_type=\"text-editor.default\">\n\t\t\t\t\t\t\t\t\t<h5>Pascal Fran\u00e7ois<br \/>N\u00e9 en 1967 \u00e0 Nancy (France)<br \/>Vit et travaille \u00e0 Casablanca depuis 2016<\/h5>\t\t\t\t\t\t\t\t<\/div>\n\t\t\t\t\t<\/div>\n\t\t\t\t<\/div>\n\t\t\t\t<\/div>\n\t\t","protected":false},"excerpt":{"rendered":"<p>\u00a9 Brahim Benkirane L&rsquo;art est une qu\u00eate de libert\u00e9. Les artistes sont des oiseaux voyageurs, jamais en exil, car le monde leur appartient. Pour eux, pour moi, peindre c\u2019est aimer la vie intens\u00e9ment. Cela exige d\u2019\u00eatre absolu \u00e0 la t\u00e2che, \u00e7a absorbe tout sur son passage, m\u00eame un pays entier. J\u2019ai commenc\u00e9 \u00e0 imprimer des [&hellip;]<\/p>\n","protected":false},"author":1,"featured_media":0,"parent":0,"menu_order":0,"comment_status":"closed","ping_status":"closed","template":"","meta":{"footnotes":""},"class_list":["post-1794","page","type-page","status-publish","hentry","entry"],"yoast_head":"<!-- This site is optimized with the Yoast SEO plugin v27.2 - https:\/\/yoast.com\/product\/yoast-seo-wordpress\/ -->\n<title>Biographie - Pascal Francois<\/title>\n<meta name=\"robots\" content=\"index, follow, max-snippet:-1, max-image-preview:large, max-video-preview:-1\" \/>\n<link rel=\"canonical\" href=\"https:\/\/pascalfrancois.com\/index.php\/biographie\/\" \/>\n<meta property=\"og:locale\" content=\"fr_FR\" \/>\n<meta property=\"og:type\" content=\"article\" \/>\n<meta property=\"og:title\" content=\"Biographie - Pascal Francois\" \/>\n<meta property=\"og:description\" content=\"\u00a9 Brahim Benkirane L&rsquo;art est une qu\u00eate de libert\u00e9. Les artistes sont des oiseaux voyageurs, jamais en exil, car le monde leur appartient. Pour eux, pour moi, peindre c\u2019est aimer la vie intens\u00e9ment. Cela exige d\u2019\u00eatre absolu \u00e0 la t\u00e2che, \u00e7a absorbe tout sur son passage, m\u00eame un pays entier. J\u2019ai commenc\u00e9 \u00e0 imprimer des [&hellip;]\" \/>\n<meta property=\"og:url\" content=\"https:\/\/pascalfrancois.com\/index.php\/biographie\/\" \/>\n<meta property=\"og:site_name\" content=\"Pascal Francois\" \/>\n<meta property=\"article:modified_time\" content=\"2025-08-16T13:17:23+00:00\" \/>\n<meta property=\"og:image\" content=\"https:\/\/pascalfrancois.com\/wp-content\/uploads\/elementor\/thumbs\/portrait-2-par-Brahim-Benkirane-2024-r9wpcje8b5y4wwxapelf8t0d057srsj5uxt17koc7g.jpeg\" \/>\n<meta name=\"twitter:card\" content=\"summary_large_image\" \/>\n<meta name=\"twitter:label1\" content=\"Dur\u00e9e de lecture estim\u00e9e\" \/>\n\t<meta name=\"twitter:data1\" content=\"2 minutes\" \/>\n<script type=\"application\/ld+json\" class=\"yoast-schema-graph\">{\"@context\":\"https:\/\/schema.org\",\"@graph\":[{\"@type\":\"WebPage\",\"@id\":\"https:\/\/pascalfrancois.com\/index.php\/biographie\/\",\"url\":\"https:\/\/pascalfrancois.com\/index.php\/biographie\/\",\"name\":\"Biographie - Pascal Francois\",\"isPartOf\":{\"@id\":\"https:\/\/pascalfrancois.com\/#website\"},\"primaryImageOfPage\":{\"@id\":\"https:\/\/pascalfrancois.com\/index.php\/biographie\/#primaryimage\"},\"image\":{\"@id\":\"https:\/\/pascalfrancois.com\/index.php\/biographie\/#primaryimage\"},\"thumbnailUrl\":\"https:\/\/pascalfrancois.com\/wp-content\/uploads\/elementor\/thumbs\/portrait-2-par-Brahim-Benkirane-2024-r9wpcje8b5y4wwxapelf8t0d057srsj5uxt17koc7g.jpeg\",\"datePublished\":\"2025-08-06T15:34:00+00:00\",\"dateModified\":\"2025-08-16T13:17:23+00:00\",\"breadcrumb\":{\"@id\":\"https:\/\/pascalfrancois.com\/index.php\/biographie\/#breadcrumb\"},\"inLanguage\":\"fr-FR\",\"potentialAction\":[{\"@type\":\"ReadAction\",\"target\":[\"https:\/\/pascalfrancois.com\/index.php\/biographie\/\"]}]},{\"@type\":\"ImageObject\",\"inLanguage\":\"fr-FR\",\"@id\":\"https:\/\/pascalfrancois.com\/index.php\/biographie\/#primaryimage\",\"url\":\"https:\/\/pascalfrancois.com\/wp-content\/uploads\/elementor\/thumbs\/portrait-2-par-Brahim-Benkirane-2024-r9wpcje8b5y4wwxapelf8t0d057srsj5uxt17koc7g.jpeg\",\"contentUrl\":\"https:\/\/pascalfrancois.com\/wp-content\/uploads\/elementor\/thumbs\/portrait-2-par-Brahim-Benkirane-2024-r9wpcje8b5y4wwxapelf8t0d057srsj5uxt17koc7g.jpeg\"},{\"@type\":\"BreadcrumbList\",\"@id\":\"https:\/\/pascalfrancois.com\/index.php\/biographie\/#breadcrumb\",\"itemListElement\":[{\"@type\":\"ListItem\",\"position\":1,\"name\":\"Accueil\",\"item\":\"https:\/\/pascalfrancois.com\/\"},{\"@type\":\"ListItem\",\"position\":2,\"name\":\"Biographie\"}]},{\"@type\":\"WebSite\",\"@id\":\"https:\/\/pascalfrancois.com\/#website\",\"url\":\"https:\/\/pascalfrancois.com\/\",\"name\":\"Pascal Francois\",\"description\":\"Abracadablanca\",\"potentialAction\":[{\"@type\":\"SearchAction\",\"target\":{\"@type\":\"EntryPoint\",\"urlTemplate\":\"https:\/\/pascalfrancois.com\/?s={search_term_string}\"},\"query-input\":{\"@type\":\"PropertyValueSpecification\",\"valueRequired\":true,\"valueName\":\"search_term_string\"}}],\"inLanguage\":\"fr-FR\"}]}<\/script>\n<!-- \/ Yoast SEO plugin. -->","yoast_head_json":{"title":"Biographie - Pascal Francois","robots":{"index":"index","follow":"follow","max-snippet":"max-snippet:-1","max-image-preview":"max-image-preview:large","max-video-preview":"max-video-preview:-1"},"canonical":"https:\/\/pascalfrancois.com\/index.php\/biographie\/","og_locale":"fr_FR","og_type":"article","og_title":"Biographie - Pascal Francois","og_description":"\u00a9 Brahim Benkirane L&rsquo;art est une qu\u00eate de libert\u00e9. Les artistes sont des oiseaux voyageurs, jamais en exil, car le monde leur appartient. Pour eux, pour moi, peindre c\u2019est aimer la vie intens\u00e9ment. Cela exige d\u2019\u00eatre absolu \u00e0 la t\u00e2che, \u00e7a absorbe tout sur son passage, m\u00eame un pays entier. J\u2019ai commenc\u00e9 \u00e0 imprimer des [&hellip;]","og_url":"https:\/\/pascalfrancois.com\/index.php\/biographie\/","og_site_name":"Pascal Francois","article_modified_time":"2025-08-16T13:17:23+00:00","og_image":[{"url":"https:\/\/pascalfrancois.com\/wp-content\/uploads\/elementor\/thumbs\/portrait-2-par-Brahim-Benkirane-2024-r9wpcje8b5y4wwxapelf8t0d057srsj5uxt17koc7g.jpeg","type":"","width":"","height":""}],"twitter_card":"summary_large_image","twitter_misc":{"Dur\u00e9e de lecture estim\u00e9e":"2 minutes"},"schema":{"@context":"https:\/\/schema.org","@graph":[{"@type":"WebPage","@id":"https:\/\/pascalfrancois.com\/index.php\/biographie\/","url":"https:\/\/pascalfrancois.com\/index.php\/biographie\/","name":"Biographie - Pascal Francois","isPartOf":{"@id":"https:\/\/pascalfrancois.com\/#website"},"primaryImageOfPage":{"@id":"https:\/\/pascalfrancois.com\/index.php\/biographie\/#primaryimage"},"image":{"@id":"https:\/\/pascalfrancois.com\/index.php\/biographie\/#primaryimage"},"thumbnailUrl":"https:\/\/pascalfrancois.com\/wp-content\/uploads\/elementor\/thumbs\/portrait-2-par-Brahim-Benkirane-2024-r9wpcje8b5y4wwxapelf8t0d057srsj5uxt17koc7g.jpeg","datePublished":"2025-08-06T15:34:00+00:00","dateModified":"2025-08-16T13:17:23+00:00","breadcrumb":{"@id":"https:\/\/pascalfrancois.com\/index.php\/biographie\/#breadcrumb"},"inLanguage":"fr-FR","potentialAction":[{"@type":"ReadAction","target":["https:\/\/pascalfrancois.com\/index.php\/biographie\/"]}]},{"@type":"ImageObject","inLanguage":"fr-FR","@id":"https:\/\/pascalfrancois.com\/index.php\/biographie\/#primaryimage","url":"https:\/\/pascalfrancois.com\/wp-content\/uploads\/elementor\/thumbs\/portrait-2-par-Brahim-Benkirane-2024-r9wpcje8b5y4wwxapelf8t0d057srsj5uxt17koc7g.jpeg","contentUrl":"https:\/\/pascalfrancois.com\/wp-content\/uploads\/elementor\/thumbs\/portrait-2-par-Brahim-Benkirane-2024-r9wpcje8b5y4wwxapelf8t0d057srsj5uxt17koc7g.jpeg"},{"@type":"BreadcrumbList","@id":"https:\/\/pascalfrancois.com\/index.php\/biographie\/#breadcrumb","itemListElement":[{"@type":"ListItem","position":1,"name":"Accueil","item":"https:\/\/pascalfrancois.com\/"},{"@type":"ListItem","position":2,"name":"Biographie"}]},{"@type":"WebSite","@id":"https:\/\/pascalfrancois.com\/#website","url":"https:\/\/pascalfrancois.com\/","name":"Pascal Francois","description":"Abracadablanca","potentialAction":[{"@type":"SearchAction","target":{"@type":"EntryPoint","urlTemplate":"https:\/\/pascalfrancois.com\/?s={search_term_string}"},"query-input":{"@type":"PropertyValueSpecification","valueRequired":true,"valueName":"search_term_string"}}],"inLanguage":"fr-FR"}]}},"_links":{"self":[{"href":"https:\/\/pascalfrancois.com\/index.php\/wp-json\/wp\/v2\/pages\/1794","targetHints":{"allow":["GET"]}}],"collection":[{"href":"https:\/\/pascalfrancois.com\/index.php\/wp-json\/wp\/v2\/pages"}],"about":[{"href":"https:\/\/pascalfrancois.com\/index.php\/wp-json\/wp\/v2\/types\/page"}],"author":[{"embeddable":true,"href":"https:\/\/pascalfrancois.com\/index.php\/wp-json\/wp\/v2\/users\/1"}],"replies":[{"embeddable":true,"href":"https:\/\/pascalfrancois.com\/index.php\/wp-json\/wp\/v2\/comments?post=1794"}],"version-history":[{"count":346,"href":"https:\/\/pascalfrancois.com\/index.php\/wp-json\/wp\/v2\/pages\/1794\/revisions"}],"predecessor-version":[{"id":3950,"href":"https:\/\/pascalfrancois.com\/index.php\/wp-json\/wp\/v2\/pages\/1794\/revisions\/3950"}],"wp:attachment":[{"href":"https:\/\/pascalfrancois.com\/index.php\/wp-json\/wp\/v2\/media?parent=1794"}],"curies":[{"name":"wp","href":"https:\/\/api.w.org\/{rel}","templated":true}]}}