{"id":1726,"date":"2025-08-06T14:57:03","date_gmt":"2025-08-06T14:57:03","guid":{"rendered":"https:\/\/pascalfrancois.com\/?page_id=1726"},"modified":"2025-08-20T06:09:13","modified_gmt":"2025-08-20T06:09:13","slug":"expositions","status":"publish","type":"page","link":"https:\/\/pascalfrancois.com\/index.php\/expositions\/","title":{"rendered":"Expositions"},"content":{"rendered":"\t\t<div data-elementor-type=\"wp-page\" data-elementor-id=\"1726\" class=\"elementor elementor-1726\">\n\t\t\t\t<div class=\"elementor-element elementor-element-60a7447 e-flex e-con-boxed e-con e-parent\" data-id=\"60a7447\" data-element_type=\"container\" data-e-type=\"container\">\n\t\t\t\t\t<div class=\"e-con-inner\">\n\t\t\t\t<div class=\"elementor-element elementor-element-79552f2 elementor-widget elementor-widget-heading\" data-id=\"79552f2\" data-element_type=\"widget\" data-e-type=\"widget\" data-widget_type=\"heading.default\">\n\t\t\t\t\t<h1 class=\"elementor-heading-title elementor-size-default\">Expositions<\/h1>\t\t\t\t<\/div>\n\t\t\t\t<div class=\"elementor-element elementor-element-58e0e4e elementor-widget elementor-widget-text-editor\" data-id=\"58e0e4e\" data-element_type=\"widget\" data-e-type=\"widget\" data-widget_type=\"text-editor.default\">\n\t\t\t\t\t\t\t\t\t<hr>\n<h2 style=\"text-align: left;\"><strong><u>2025<\/u><\/strong><\/h2>\n<pre><a href=\"https:\/\/pascalfrancois.com\/index.php\/maroc-autrement\/\">\"Le Maroc Autrement?\", Villa Gallery, Li\u00e8ge\/Belgique<\/a><\/pre>\n<hr>\n<h2 style=\"text-align: left;\"><b><u>2024<\/u><\/b><\/h2>\n<pre style=\"text-align: left;\"><span style=\"font-size: 15px;\">\"Ici et demain \", Eden art gallery, Casablanca.&nbsp;<\/span><br><span style=\"font-size: 15px;\">\"Odysseia et caetera\", espace Comment Dire, Casablanca.<\/span><\/pre>\n<hr>\n<h2 style=\"text-align: left;\"><b><u>2023<\/u><\/b><\/h2>\n<pre>\"Mon Maroc, je croyais r\u00eaver\", fondation TGCC, Casablanca.<br>\"Small is beautiful\", espace Comment Dire, Casablanca.<\/pre>\n<hr>\n<h2 style=\"text-align: left;\"><b><u>2021&nbsp;<\/u><\/b><\/h2>\n<pre>\u00abAbracadablanca\u00bb, H\u00f4tel Melliber, Casablanca.<br>galerie Artisania, Rabat.<br>galerie A2, Casablanca.<\/pre>\n<hr>\n<h2 style=\"text-align: left;\"><b><u>2019-2023<\/u><\/b><\/h2>\n<pre>&nbsp;Exposition permanente galerie Thema, Casablanca.<\/pre>\n<h2><span style=\"text-decoration: underline;\">2017-2018<\/span>&nbsp;<\/h2>\n<pre>Atelier de sculpture La Ferme, M\u00e9diouna.<\/pre>\n<h2><u>2017<\/u><\/h2>\n<pre>\u00abConfluences\u00bb, Villa des Arts, Casablanca.<br>R\u00e9alisation de troph\u00e9es, droits de l\u2019Enfant et droits de la Femme.<\/pre>\n<h2><u>2016<\/u><\/h2>\n<pre>\u00abTouch Me\u00bb, Biennale de Marrakech, Bab Hotel, commissaire d\u2019exposition Abla Ababou.<br>\"Luther en automne\", \u00e9v\u00e8nement itin\u00e9rant, France.<br>\u00abDes mains et des papiers\u00bb, Dar Ch\u00e9rifa, Marrakech, commissaire d\u2019exposition Hassan Bourkia.<\/pre>\n<h2><span style=\"text-decoration: underline;\">2014<\/span><\/h2>\n<pre>\u00abChroniques d\u2019une bataille aux fronti\u00e8res\u00bb, abbaye Saint- Andr\u00e9 de Villeneuve-lez-Avignon, France.<\/pre>\n<h2><span style=\"text-decoration: underline;\"><b>2013<\/b><\/span><\/h2>\n<pre>&nbsp;\u00abLa Salle d\u2019attente\u00bb, Raray, France.<\/pre>\n<h2><span style=\"text-decoration: underline;\"><b>2010<\/b><\/span><\/h2>\n<pre>&nbsp;\u00abSculptures\u00bb, La Charit\u00e9 de Carpentras, France.<\/pre>\n<h2><span style=\"text-decoration: underline;\">2005<\/span><\/h2>\n<pre>Cr\u00e9ation de l\u2019Atelier de la Barthelasse \u00e0 Avignon avec le Peintre de la Nouvelle Pigmentation Hermann Amann.<\/pre>\n<h2><span style=\"text-decoration: underline;\"><b>2004<\/b><\/span><\/h2>\n<pre>R\u00e9alisation d\u2019une sculpture monumentale en pierre, Esho Funi, sur le site class\u00e9 de la plaine de l\u2019abbaye de Villeneuve-les-Avignon, France.<\/pre>\t\t\t\t\t\t\t\t<\/div>\n\t\t\t\t\t<\/div>\n\t\t\t\t<\/div>\n\t\t\t\t<\/div>\n\t\t","protected":false},"excerpt":{"rendered":"<p>Expositions 2025 \u00ab\u00a0Le Maroc Autrement?\u00a0\u00bb, Villa Gallery, Li\u00e8ge\/Belgique 2024 \u00ab\u00a0Ici et demain \u00ab\u00a0, Eden art gallery, Casablanca.&nbsp;\u00ab\u00a0Odysseia et caetera\u00a0\u00bb, espace Comment Dire, Casablanca. 2023 \u00ab\u00a0Mon Maroc, je croyais r\u00eaver\u00a0\u00bb, fondation TGCC, Casablanca.\u00a0\u00bbSmall is beautiful\u00a0\u00bb, espace Comment Dire, Casablanca. 2021&nbsp; \u00abAbracadablanca\u00bb, H\u00f4tel Melliber, Casablanca.galerie Artisania, Rabat.galerie A2, Casablanca. 2019-2023 &nbsp;Exposition permanente galerie Thema, Casablanca. 2017-2018&nbsp; Atelier [&hellip;]<\/p>\n","protected":false},"author":1,"featured_media":0,"parent":0,"menu_order":0,"comment_status":"closed","ping_status":"closed","template":"","meta":{"footnotes":""},"class_list":["post-1726","page","type-page","status-publish","hentry","entry"],"yoast_head":"<!-- This site is optimized with the Yoast SEO plugin v27.2 - https:\/\/yoast.com\/product\/yoast-seo-wordpress\/ -->\n<title>Expositions - Pascal Francois<\/title>\n<meta name=\"robots\" content=\"index, follow, max-snippet:-1, max-image-preview:large, max-video-preview:-1\" \/>\n<link rel=\"canonical\" href=\"https:\/\/pascalfrancois.com\/index.php\/expositions\/\" \/>\n<meta property=\"og:locale\" content=\"fr_FR\" \/>\n<meta property=\"og:type\" content=\"article\" \/>\n<meta property=\"og:title\" content=\"Expositions - Pascal Francois\" \/>\n<meta property=\"og:description\" content=\"Expositions 2025 &quot;Le Maroc Autrement?&quot;, Villa Gallery, Li\u00e8ge\/Belgique 2024 &quot;Ici et demain &quot;, Eden art gallery, Casablanca.&nbsp;&quot;Odysseia et caetera&quot;, espace Comment Dire, Casablanca. 2023 &quot;Mon Maroc, je croyais r\u00eaver&quot;, fondation TGCC, Casablanca.&quot;Small is beautiful&quot;, espace Comment Dire, Casablanca. 2021&nbsp; \u00abAbracadablanca\u00bb, H\u00f4tel Melliber, Casablanca.galerie Artisania, Rabat.galerie A2, Casablanca. 2019-2023 &nbsp;Exposition permanente galerie Thema, Casablanca. 2017-2018&nbsp; Atelier [&hellip;]\" \/>\n<meta property=\"og:url\" content=\"https:\/\/pascalfrancois.com\/index.php\/expositions\/\" \/>\n<meta property=\"og:site_name\" content=\"Pascal Francois\" \/>\n<meta property=\"article:modified_time\" content=\"2025-08-20T06:09:13+00:00\" \/>\n<meta name=\"twitter:card\" content=\"summary_large_image\" \/>\n<meta name=\"twitter:label1\" content=\"Dur\u00e9e de lecture estim\u00e9e\" \/>\n\t<meta name=\"twitter:data1\" content=\"1 minute\" \/>\n<script type=\"application\/ld+json\" class=\"yoast-schema-graph\">{\"@context\":\"https:\/\/schema.org\",\"@graph\":[{\"@type\":\"WebPage\",\"@id\":\"https:\/\/pascalfrancois.com\/index.php\/expositions\/\",\"url\":\"https:\/\/pascalfrancois.com\/index.php\/expositions\/\",\"name\":\"Expositions - Pascal Francois\",\"isPartOf\":{\"@id\":\"https:\/\/pascalfrancois.com\/#website\"},\"datePublished\":\"2025-08-06T14:57:03+00:00\",\"dateModified\":\"2025-08-20T06:09:13+00:00\",\"breadcrumb\":{\"@id\":\"https:\/\/pascalfrancois.com\/index.php\/expositions\/#breadcrumb\"},\"inLanguage\":\"fr-FR\",\"potentialAction\":[{\"@type\":\"ReadAction\",\"target\":[\"https:\/\/pascalfrancois.com\/index.php\/expositions\/\"]}]},{\"@type\":\"BreadcrumbList\",\"@id\":\"https:\/\/pascalfrancois.com\/index.php\/expositions\/#breadcrumb\",\"itemListElement\":[{\"@type\":\"ListItem\",\"position\":1,\"name\":\"Accueil\",\"item\":\"https:\/\/pascalfrancois.com\/\"},{\"@type\":\"ListItem\",\"position\":2,\"name\":\"Expositions\"}]},{\"@type\":\"WebSite\",\"@id\":\"https:\/\/pascalfrancois.com\/#website\",\"url\":\"https:\/\/pascalfrancois.com\/\",\"name\":\"Pascal Francois\",\"description\":\"Abracadablanca\",\"potentialAction\":[{\"@type\":\"SearchAction\",\"target\":{\"@type\":\"EntryPoint\",\"urlTemplate\":\"https:\/\/pascalfrancois.com\/?s={search_term_string}\"},\"query-input\":{\"@type\":\"PropertyValueSpecification\",\"valueRequired\":true,\"valueName\":\"search_term_string\"}}],\"inLanguage\":\"fr-FR\"}]}<\/script>\n<!-- \/ Yoast SEO plugin. -->","yoast_head_json":{"title":"Expositions - Pascal Francois","robots":{"index":"index","follow":"follow","max-snippet":"max-snippet:-1","max-image-preview":"max-image-preview:large","max-video-preview":"max-video-preview:-1"},"canonical":"https:\/\/pascalfrancois.com\/index.php\/expositions\/","og_locale":"fr_FR","og_type":"article","og_title":"Expositions - Pascal Francois","og_description":"Expositions 2025 \"Le Maroc Autrement?\", Villa Gallery, Li\u00e8ge\/Belgique 2024 \"Ici et demain \", Eden art gallery, Casablanca.&nbsp;\"Odysseia et caetera\", espace Comment Dire, Casablanca. 2023 \"Mon Maroc, je croyais r\u00eaver\", fondation TGCC, Casablanca.\"Small is beautiful\", espace Comment Dire, Casablanca. 2021&nbsp; \u00abAbracadablanca\u00bb, H\u00f4tel Melliber, Casablanca.galerie Artisania, Rabat.galerie A2, Casablanca. 2019-2023 &nbsp;Exposition permanente galerie Thema, Casablanca. 2017-2018&nbsp; Atelier [&hellip;]","og_url":"https:\/\/pascalfrancois.com\/index.php\/expositions\/","og_site_name":"Pascal Francois","article_modified_time":"2025-08-20T06:09:13+00:00","twitter_card":"summary_large_image","twitter_misc":{"Dur\u00e9e de lecture estim\u00e9e":"1 minute"},"schema":{"@context":"https:\/\/schema.org","@graph":[{"@type":"WebPage","@id":"https:\/\/pascalfrancois.com\/index.php\/expositions\/","url":"https:\/\/pascalfrancois.com\/index.php\/expositions\/","name":"Expositions - Pascal Francois","isPartOf":{"@id":"https:\/\/pascalfrancois.com\/#website"},"datePublished":"2025-08-06T14:57:03+00:00","dateModified":"2025-08-20T06:09:13+00:00","breadcrumb":{"@id":"https:\/\/pascalfrancois.com\/index.php\/expositions\/#breadcrumb"},"inLanguage":"fr-FR","potentialAction":[{"@type":"ReadAction","target":["https:\/\/pascalfrancois.com\/index.php\/expositions\/"]}]},{"@type":"BreadcrumbList","@id":"https:\/\/pascalfrancois.com\/index.php\/expositions\/#breadcrumb","itemListElement":[{"@type":"ListItem","position":1,"name":"Accueil","item":"https:\/\/pascalfrancois.com\/"},{"@type":"ListItem","position":2,"name":"Expositions"}]},{"@type":"WebSite","@id":"https:\/\/pascalfrancois.com\/#website","url":"https:\/\/pascalfrancois.com\/","name":"Pascal Francois","description":"Abracadablanca","potentialAction":[{"@type":"SearchAction","target":{"@type":"EntryPoint","urlTemplate":"https:\/\/pascalfrancois.com\/?s={search_term_string}"},"query-input":{"@type":"PropertyValueSpecification","valueRequired":true,"valueName":"search_term_string"}}],"inLanguage":"fr-FR"}]}},"_links":{"self":[{"href":"https:\/\/pascalfrancois.com\/index.php\/wp-json\/wp\/v2\/pages\/1726","targetHints":{"allow":["GET"]}}],"collection":[{"href":"https:\/\/pascalfrancois.com\/index.php\/wp-json\/wp\/v2\/pages"}],"about":[{"href":"https:\/\/pascalfrancois.com\/index.php\/wp-json\/wp\/v2\/types\/page"}],"author":[{"embeddable":true,"href":"https:\/\/pascalfrancois.com\/index.php\/wp-json\/wp\/v2\/users\/1"}],"replies":[{"embeddable":true,"href":"https:\/\/pascalfrancois.com\/index.php\/wp-json\/wp\/v2\/comments?post=1726"}],"version-history":[{"count":40,"href":"https:\/\/pascalfrancois.com\/index.php\/wp-json\/wp\/v2\/pages\/1726\/revisions"}],"predecessor-version":[{"id":3841,"href":"https:\/\/pascalfrancois.com\/index.php\/wp-json\/wp\/v2\/pages\/1726\/revisions\/3841"}],"wp:attachment":[{"href":"https:\/\/pascalfrancois.com\/index.php\/wp-json\/wp\/v2\/media?parent=1726"}],"curies":[{"name":"wp","href":"https:\/\/api.w.org\/{rel}","templated":true}]}}